{"id":258,"date":"2018-01-22T10:17:40","date_gmt":"2018-01-22T14:17:40","guid":{"rendered":"http:\/\/ayuntamiento.o\/transparencia\/?page_id=258"},"modified":"2025-08-21T08:41:43","modified_gmt":"2025-08-21T12:41:43","slug":"responsable-de-acceso-a-la-informacion","status":"publish","type":"page","link":"https:\/\/ayuntamientolosrios.gob.do\/transparencia\/responsable-de-acceso-a-la-informacion\/","title":{"rendered":"Responsable de Acceso a la Informaci\u00f3n"},"content":{"rendered":"\n<figure class=\"wp-block-gallery has-nested-images columns-default is-cropped\">\n<figure class=\"wp-block-image size-large is-resized\"><img loading=\"lazy\" data-id=\"542\"  src=\"https:\/\/ayuntamientolosrios.gob.do\/transparencia\/wp-content\/uploads\/2025\/07\/IMG_20250707_101249494-1-700x394.jpg\" alt=\"\" class=\"wp-image-542\" width=\"405\" height=\"228\" srcset=\"https:\/\/ayuntamientolosrios.gob.do\/transparencia\/wp-content\/uploads\/2025\/07\/IMG_20250707_101249494-1-700x394.jpg 700w, https:\/\/ayuntamientolosrios.gob.do\/transparencia\/wp-content\/uploads\/2025\/07\/IMG_20250707_101249494-1-250x141.jpg 250w, https:\/\/ayuntamientolosrios.gob.do\/transparencia\/wp-content\/uploads\/2025\/07\/IMG_20250707_101249494-1-768x432.jpg 768w, https:\/\/ayuntamientolosrios.gob.do\/transparencia\/wp-content\/uploads\/2025\/07\/IMG_20250707_101249494-1-1536x864.jpg 1536w, https:\/\/ayuntamientolosrios.gob.do\/transparencia\/wp-content\/uploads\/2025\/07\/IMG_20250707_101249494-1-2048x1152.jpg 2048w, https:\/\/ayuntamientolosrios.gob.do\/transparencia\/wp-content\/uploads\/2025\/07\/IMG_20250707_101249494-1-120x68.jpg 120w\" sizes=\"(max-width: 405px) 100vw, 405px\" \/><\/figure>\n\n\n\n<figure class=\"wp-block-image size-large\"><img loading=\"lazy\" width=\"700\" height=\"394\" data-id=\"543\"  src=\"https:\/\/ayuntamientolosrios.gob.do\/transparencia\/wp-content\/uploads\/2025\/07\/IMG_20250707_101344489-700x394.jpg\" alt=\"\" class=\"wp-image-543\" srcset=\"https:\/\/ayuntamientolosrios.gob.do\/transparencia\/wp-content\/uploads\/2025\/07\/IMG_20250707_101344489-700x394.jpg 700w, https:\/\/ayuntamientolosrios.gob.do\/transparencia\/wp-content\/uploads\/2025\/07\/IMG_20250707_101344489-250x141.jpg 250w, https:\/\/ayuntamientolosrios.gob.do\/transparencia\/wp-content\/uploads\/2025\/07\/IMG_20250707_101344489-768x432.jpg 768w, https:\/\/ayuntamientolosrios.gob.do\/transparencia\/wp-content\/uploads\/2025\/07\/IMG_20250707_101344489-1536x864.jpg 1536w, https:\/\/ayuntamientolosrios.gob.do\/transparencia\/wp-content\/uploads\/2025\/07\/IMG_20250707_101344489-2048x1152.jpg 2048w, https:\/\/ayuntamientolosrios.gob.do\/transparencia\/wp-content\/uploads\/2025\/07\/IMG_20250707_101344489-120x68.jpg 120w\" sizes=\"(max-width: 700px) 100vw, 700px\" \/><\/figure>\n<\/figure>\n\n\n<h1 class=\"paragraph ng-attr-widget\"><strong>Licda: Lisset Cuevas Novas<\/strong><\/h1>\n<p>\u00a0correo: ayuntamientomunicipallosrios@gmail.com<\/p>\n<p>contacto: 829-678-5084<\/p>\n<p class=\"ds-markdown-paragraph\"><strong>Enfoque profesional:<\/strong><br \/><em>\u00abEl acceso a la informaci\u00f3n constituye un pilar fundamental para la democracia y el desarrollo social\u00bb<\/em><\/p>\n<p class=\"ds-markdown-paragraph\">Su compromiso con la <strong>\u00e9tica p\u00fablica<\/strong> y su dominio t\u00e9cnico-legal la posicionan como una <strong>voz autorizada<\/strong> en la promoci\u00f3n de una cultura institucional transparente.<\/p>\n<p class=\"paragraph ng-attr-widget\">\u00a0<\/p>\n\n","protected":false},"excerpt":{"rendered":"Licda: Lisset Cuevas Novas \u00a0correo: ayuntamientomunicipallosrios@gmail.com contacto: 829-678-5084 Enfoque profesional:\u00abEl acceso a la informaci\u00f3n constituye un pilar fundamental para la democracia y el desarrollo social\u00bb Su compromiso con la \u00e9tica p\u00fablica y su dominio t\u00e9cnico-legal la posicionan como una voz autorizada en la promoci\u00f3n de una cultura institucional transparente. \u00a0","protected":false},"author":4,"featured_media":0,"parent":0,"menu_order":0,"comment_status":"closed","ping_status":"closed","template":"","meta":[],"_links":{"self":[{"href":"https:\/\/ayuntamientolosrios.gob.do\/transparencia\/wp-json\/wp\/v2\/pages\/258"}],"collection":[{"href":"https:\/\/ayuntamientolosrios.gob.do\/transparencia\/wp-json\/wp\/v2\/pages"}],"about":[{"href":"https:\/\/ayuntamientolosrios.gob.do\/transparencia\/wp-json\/wp\/v2\/types\/page"}],"author":[{"embeddable":true,"href":"https:\/\/ayuntamientolosrios.gob.do\/transparencia\/wp-json\/wp\/v2\/users\/4"}],"replies":[{"embeddable":true,"href":"https:\/\/ayuntamientolosrios.gob.do\/transparencia\/wp-json\/wp\/v2\/comments?post=258"}],"version-history":[{"count":8,"href":"https:\/\/ayuntamientolosrios.gob.do\/transparencia\/wp-json\/wp\/v2\/pages\/258\/revisions"}],"predecessor-version":[{"id":634,"href":"https:\/\/ayuntamientolosrios.gob.do\/transparencia\/wp-json\/wp\/v2\/pages\/258\/revisions\/634"}],"wp:attachment":[{"href":"https:\/\/ayuntamientolosrios.gob.do\/transparencia\/wp-json\/wp\/v2\/media?parent=258"}],"curies":[{"name":"wp","href":"https:\/\/api.w.org\/{rel}","templated":true}]}}